{"id":2,"date":"2024-02-12T15:49:38","date_gmt":"2024-02-12T15:49:38","guid":{"rendered":"http:\/\/igeselektronik.com\/?page_id=2"},"modified":"2026-01-28T08:24:33","modified_gmt":"2026-01-28T08:24:33","slug":"sample-page","status":"publish","type":"page","link":"http:\/\/igeselektronik.com\/?page_id=2","title":{"rendered":"\u0130GES ELEKTRON\u0130K OTOMASYON"},"content":{"rendered":"\n<p>Firmam\u0131z 2009 y\u0131l\u0131ndan beri otomasyon, elektronik kart tamiri, AC s\u00fcr\u00fcc\u00fc, servo s\u00fcr\u00fcc\u00fc, efka, Durkopp Adler kontrolc\u00fcleri tamir hizmeti vermektedir.<\/p>\n\n\n\n<blockquote class=\"wp-block-quote is-layout-flow wp-block-quote-is-layout-flow\">\n<p>Alt\u0131nova Mh. Fuar cd. No:61 Buttim i\u015f Mrk. \u0130\u00e7 Kap\u0131 No:5186 Osmangazi\/ BURSA<\/p>\n<\/blockquote>\n\n\n\n<p>0(224) 211 11 13<\/p>\n\n\n\n<p>info@igeselektronik.com<\/p>\n\n\n\n<p><\/p>\n","protected":false},"excerpt":{"rendered":"<p>Firmam\u0131z 2009 y\u0131l\u0131ndan beri otomasyon, elektronik kart tamiri, AC s\u00fcr\u00fcc\u00fc, servo s\u00fcr\u00fcc\u00fc, efka, Durkopp Adler kontrolc\u00fcleri tamir hizmeti vermektedir. Alt\u0131nova Mh. Fuar cd. No:61 Buttim i\u015f Mrk. \u0130\u00e7 Kap\u0131 No:5186 Osmangazi\/ BURSA 0(224) 211 11 13 info@igeselektronik.com<\/p>\n","protected":false},"author":1,"featured_media":0,"parent":0,"menu_order":0,"comment_status":"closed","ping_status":"open","template":"","meta":{"footnotes":""},"class_list":["post-2","page","type-page","status-publish","hentry"],"_links":{"self":[{"href":"http:\/\/igeselektronik.com\/index.php?rest_route=\/wp\/v2\/pages\/2","targetHints":{"allow":["GET"]}}],"collection":[{"href":"http:\/\/igeselektronik.com\/index.php?rest_route=\/wp\/v2\/pages"}],"about":[{"href":"http:\/\/igeselektronik.com\/index.php?rest_route=\/wp\/v2\/types\/page"}],"author":[{"embeddable":true,"href":"http:\/\/igeselektronik.com\/index.php?rest_route=\/wp\/v2\/users\/1"}],"replies":[{"embeddable":true,"href":"http:\/\/igeselektronik.com\/index.php?rest_route=%2Fwp%2Fv2%2Fcomments&post=2"}],"version-history":[{"count":1,"href":"http:\/\/igeselektronik.com\/index.php?rest_route=\/wp\/v2\/pages\/2\/revisions"}],"predecessor-version":[{"id":8,"href":"http:\/\/igeselektronik.com\/index.php?rest_route=\/wp\/v2\/pages\/2\/revisions\/8"}],"wp:attachment":[{"href":"http:\/\/igeselektronik.com\/index.php?rest_route=%2Fwp%2Fv2%2Fmedia&parent=2"}],"curies":[{"name":"wp","href":"https:\/\/api.w.org\/{rel}","templated":true}]}}